{"id":601,"date":"2024-01-08T21:39:01","date_gmt":"2024-01-08T20:39:01","guid":{"rendered":"https:\/\/lineart.fr\/?page_id=601"},"modified":"2024-02-15T20:55:39","modified_gmt":"2024-02-15T19:55:39","slug":"miroirs","status":"publish","type":"page","link":"https:\/\/lineart.fr\/en\/miroirs\/","title":{"rendered":"Mirrors"},"content":{"rendered":"<div data-elementor-type=\"wp-page\" data-elementor-id=\"601\" class=\"elementor elementor-601\" data-elementor-post-type=\"page\">\n\t\t\t\t<div class=\"elementor-element elementor-element-15332bc e-con-full e-flex e-con e-parent\" data-id=\"15332bc\" data-element_type=\"container\" data-e-type=\"container\" data-settings=\"{&quot;background_background&quot;:&quot;classic&quot;}\">\n\t\t<div class=\"elementor-element elementor-element-2a5f344 e-con-full e-flex e-con e-child\" data-id=\"2a5f344\" data-element_type=\"container\" data-e-type=\"container\" data-settings=\"{&quot;background_background&quot;:&quot;classic&quot;}\">\n\t\t\t\t<div class=\"elementor-element elementor-element-de3d0dc elementor-widget elementor-widget-heading\" data-id=\"de3d0dc\" data-element_type=\"widget\" data-e-type=\"widget\" data-widget_type=\"heading.default\">\n\t\t\t\t<div class=\"elementor-widget-container\">\n\t\t\t\t\t<h1 class=\"elementor-heading-title elementor-size-default\">MIRROR, MY BEAUTIFUL MIRROR\n<\/h1>\t\t\t\t<\/div>\n\t\t\t\t<\/div>\n\t\t\t\t<div class=\"elementor-element elementor-element-af4164b elementor-widget elementor-widget-heading\" data-id=\"af4164b\" data-element_type=\"widget\" data-e-type=\"widget\" data-widget_type=\"heading.default\">\n\t\t\t\t<div class=\"elementor-widget-container\">\n\t\t\t\t\t<h2 class=\"elementor-heading-title elementor-size-default\">ELEGANT MIRRORS TO MATCH OUR BATHROOM FURNITURE\n<\/h2>\t\t\t\t<\/div>\n\t\t\t\t<\/div>\n\t\t\t\t<\/div>\n\t\t\t\t<\/div>\n\t\t<div class=\"elementor-element elementor-element-f02ccdc e-flex e-con-boxed e-con e-parent\" data-id=\"f02ccdc\" data-element_type=\"container\" data-e-type=\"container\">\n\t\t\t\t\t<div class=\"e-con-inner\">\n\t\t<div class=\"elementor-element elementor-element-d3297d3 e-flex e-con-boxed e-con e-child\" data-id=\"d3297d3\" data-element_type=\"container\" data-e-type=\"container\" data-settings=\"{&quot;background_background&quot;:&quot;classic&quot;}\">\n\t\t\t\t\t<div class=\"e-con-inner\">\n\t\t\t\t<div class=\"elementor-element elementor-element-d10c08f elementor-widget elementor-widget-heading\" data-id=\"d10c08f\" data-element_type=\"widget\" data-e-type=\"widget\" data-widget_type=\"heading.default\">\n\t\t\t\t<div class=\"elementor-widget-container\">\n\t\t\t\t\t<h2 class=\"elementor-heading-title elementor-size-default\">The mirror, an indispensable bathroom element.<\/h2>\t\t\t\t<\/div>\n\t\t\t\t<\/div>\n\t\t\t\t<div class=\"elementor-element elementor-element-58c37c6 elementor-widget elementor-widget-n-accordion\" data-id=\"58c37c6\" data-element_type=\"widget\" data-e-type=\"widget\" data-settings=\"{&quot;default_state&quot;:&quot;all_collapsed&quot;,&quot;max_items_expended&quot;:&quot;one&quot;,&quot;n_accordion_animation_duration&quot;:{&quot;unit&quot;:&quot;ms&quot;,&quot;size&quot;:400,&quot;sizes&quot;:[]}}\" data-widget_type=\"nested-accordion.default\">\n\t\t\t\t<div class=\"elementor-widget-container\">\n\t\t\t\t\t\t\t<div class=\"e-n-accordion\" aria-label=\"Accordion. Open links with Enter or Space, close with Escape, and navigate with Arrow Keys\">\n\t\t\t\t\t\t<details id=\"e-n-accordion-item-9300\" class=\"e-n-accordion-item\" >\n\t\t\t\t<summary class=\"e-n-accordion-item-title\" data-accordion-index=\"1\" tabindex=\"0\" aria-expanded=\"false\" aria-controls=\"e-n-accordion-item-9300\" >\n\t\t\t\t\t<span class='e-n-accordion-item-title-header'><div class=\"e-n-accordion-item-title-text\"> Read more <\/div><\/span>\n\t\t\t\t\t\t\t\t\t<\/summary>\n\t\t\t\t<div role=\"region\" aria-labelledby=\"e-n-accordion-item-9300\" class=\"elementor-element elementor-element-11fd4f3 e-con-full e-flex e-con e-child\" data-id=\"11fd4f3\" data-element_type=\"container\" data-e-type=\"container\">\n\t\t\t\t<div class=\"elementor-element elementor-element-e5ff384 elementor-widget elementor-widget-text-editor\" data-id=\"e5ff384\" data-element_type=\"widget\" data-e-type=\"widget\" data-widget_type=\"text-editor.default\">\n\t\t\t\t<div class=\"elementor-widget-container\">\n\t\t\t\t\t\t\t\t\t<p><span style=\"font-weight: 400;\">To harmonize the ambience of your bathroom, Line Art has developed collections of mirrors in different sizes and shapes to best meet your requirements.\u00a0<\/span><\/p><p class=\"translation-block\">With its classic design, highlighting solid wood with wide edges for a more classic style, or with thin edges for a more contemporary look, Line Art has also thought about shapes, whether rectangular, square or round. \nThe Line Art mirror is the essential complement to sublimate your bath space.<\/p>\t\t\t\t\t\t\t\t<\/div>\n\t\t\t\t<\/div>\n\t\t\t\t<\/div>\n\t\t\t\t\t<\/details>\n\t\t\t\t\t<\/div>\n\t\t\t\t\t\t<\/div>\n\t\t\t\t<\/div>\n\t\t\t\t\t<\/div>\n\t\t\t\t<\/div>\n\t\t\t\t\t<\/div>\n\t\t\t\t<\/div>\n\t\t<div class=\"elementor-element elementor-element-5d7e2f2 e-flex e-con-boxed e-con e-parent\" data-id=\"5d7e2f2\" data-element_type=\"container\" data-e-type=\"container\">\n\t\t\t\t\t<div class=\"e-con-inner\">\n\t\t\t\t<div class=\"elementor-element elementor-element-764b087 elementor-widget elementor-widget-gallery\" data-id=\"764b087\" data-element_type=\"widget\" data-e-type=\"widget\" data-settings=\"{&quot;gallery_layout&quot;:&quot;masonry&quot;,&quot;columns&quot;:2,&quot;lazyload&quot;:&quot;yes&quot;,&quot;columns_tablet&quot;:2,&quot;columns_mobile&quot;:1,&quot;gap&quot;:{&quot;unit&quot;:&quot;px&quot;,&quot;size&quot;:10,&quot;sizes&quot;:[]},&quot;gap_tablet&quot;:{&quot;unit&quot;:&quot;px&quot;,&quot;size&quot;:10,&quot;sizes&quot;:[]},&quot;gap_mobile&quot;:{&quot;unit&quot;:&quot;px&quot;,&quot;size&quot;:10,&quot;sizes&quot;:[]},&quot;link_to&quot;:&quot;file&quot;,&quot;overlay_background&quot;:&quot;yes&quot;,&quot;content_hover_animation&quot;:&quot;fade-in&quot;}\" data-widget_type=\"gallery.default\">\n\t\t\t\t<div class=\"elementor-widget-container\">\n\t\t\t\t\t\t\t<div class=\"elementor-gallery__container\">\n\t\t\t\t\t\t\t<a class=\"e-gallery-item elementor-gallery-item elementor-animated-content\" href=\"https:\/\/lineart.fr\/wp-content\/uploads\/2024\/01\/\u2022urbanTeck-2-scaled.webp\" data-elementor-open-lightbox=\"yes\" data-elementor-lightbox-slideshow=\"764b087\" data-elementor-lightbox-title=\"\u2022urbanTeck 2\" data-e-action-hash=\"#elementor-action%3Aaction%3Dlightbox%26settings%3DeyJpZCI6ODg1LCJ1cmwiOiJodHRwczpcL1wvbGluZWFydC5mclwvd3AtY29udGVudFwvdXBsb2Fkc1wvMjAyNFwvMDFcL1x1MjAyMnVyYmFuVGVjay0yLXNjYWxlZC53ZWJwIiwic2xpZGVzaG93IjoiNzY0YjA4NyJ9\">\n\t\t\t\t\t<div class=\"e-gallery-image elementor-gallery-item__image\" data-thumbnail=\"https:\/\/lineart.fr\/wp-content\/uploads\/2024\/01\/\u2022urbanTeck-2-768x1152.webp\" data-width=\"768\" data-height=\"1152\" aria-label=\"\" role=\"img\" ><\/div>\n\t\t\t\t\t\t\t\t\t\t\t<div class=\"elementor-gallery-item__overlay\"><\/div>\n\t\t\t\t\t\t\t\t\t\t\t\t\t\t<\/a>\n\t\t\t\t\t\t\t<a class=\"e-gallery-item elementor-gallery-item elementor-animated-content\" href=\"https:\/\/lineart.fr\/wp-content\/uploads\/2024\/01\/Stripe-ambiance-bois-noir-oct-2023-1.webp\" data-elementor-open-lightbox=\"yes\" data-elementor-lightbox-slideshow=\"764b087\" data-elementor-lightbox-title=\"Stripe ambiance bois noir oct 2023\" data-e-action-hash=\"#elementor-action%3Aaction%3Dlightbox%26settings%3DeyJpZCI6ODg0LCJ1cmwiOiJodHRwczpcL1wvbGluZWFydC5mclwvd3AtY29udGVudFwvdXBsb2Fkc1wvMjAyNFwvMDFcL1N0cmlwZS1hbWJpYW5jZS1ib2lzLW5vaXItb2N0LTIwMjMtMS53ZWJwIiwic2xpZGVzaG93IjoiNzY0YjA4NyJ9\">\n\t\t\t\t\t<div class=\"e-gallery-image elementor-gallery-item__image\" data-thumbnail=\"https:\/\/lineart.fr\/wp-content\/uploads\/2024\/01\/Stripe-ambiance-bois-noir-oct-2023-1-768x768.webp\" data-width=\"768\" data-height=\"768\" aria-label=\"\" role=\"img\" ><\/div>\n\t\t\t\t\t\t\t\t\t\t\t<div class=\"elementor-gallery-item__overlay\"><\/div>\n\t\t\t\t\t\t\t\t\t\t\t\t\t\t<\/a>\n\t\t\t\t\t\t\t<a class=\"e-gallery-item elementor-gallery-item elementor-animated-content\" href=\"https:\/\/lineart.fr\/wp-content\/uploads\/2024\/01\/Miroir-rond-zoom-bord-fin-oct-2023.webp\" data-elementor-open-lightbox=\"yes\" data-elementor-lightbox-slideshow=\"764b087\" data-elementor-lightbox-title=\"Miroir rond zoom bord fin oct 2023\" data-e-action-hash=\"#elementor-action%3Aaction%3Dlightbox%26settings%3DeyJpZCI6ODgzLCJ1cmwiOiJodHRwczpcL1wvbGluZWFydC5mclwvd3AtY29udGVudFwvdXBsb2Fkc1wvMjAyNFwvMDFcL01pcm9pci1yb25kLXpvb20tYm9yZC1maW4tb2N0LTIwMjMud2VicCIsInNsaWRlc2hvdyI6Ijc2NGIwODcifQ%3D%3D\">\n\t\t\t\t\t<div class=\"e-gallery-image elementor-gallery-item__image\" data-thumbnail=\"https:\/\/lineart.fr\/wp-content\/uploads\/2024\/01\/Miroir-rond-zoom-bord-fin-oct-2023-768x768.webp\" data-width=\"768\" data-height=\"768\" aria-label=\"\" role=\"img\" ><\/div>\n\t\t\t\t\t\t\t\t\t\t\t<div class=\"elementor-gallery-item__overlay\"><\/div>\n\t\t\t\t\t\t\t\t\t\t\t\t\t\t<\/a>\n\t\t\t\t\t\t\t<a class=\"e-gallery-item elementor-gallery-item elementor-animated-content\" href=\"https:\/\/lineart.fr\/wp-content\/uploads\/2024\/01\/detail-miroir-bord-fin-rect.webp\" data-elementor-open-lightbox=\"yes\" data-elementor-lightbox-slideshow=\"764b087\" data-elementor-lightbox-title=\"detail miroir bord fin rect\" data-e-action-hash=\"#elementor-action%3Aaction%3Dlightbox%26settings%3DeyJpZCI6ODgyLCJ1cmwiOiJodHRwczpcL1wvbGluZWFydC5mclwvd3AtY29udGVudFwvdXBsb2Fkc1wvMjAyNFwvMDFcL2RldGFpbC1taXJvaXItYm9yZC1maW4tcmVjdC53ZWJwIiwic2xpZGVzaG93IjoiNzY0YjA4NyJ9\">\n\t\t\t\t\t<div class=\"e-gallery-image elementor-gallery-item__image\" data-thumbnail=\"https:\/\/lineart.fr\/wp-content\/uploads\/2024\/01\/detail-miroir-bord-fin-rect-768x456.webp\" data-width=\"768\" data-height=\"456\" aria-label=\"\" role=\"img\" ><\/div>\n\t\t\t\t\t\t\t\t\t\t\t<div class=\"elementor-gallery-item__overlay\"><\/div>\n\t\t\t\t\t\t\t\t\t\t\t\t\t\t<\/a>\n\t\t\t\t\t<\/div>\n\t\t\t\t\t<\/div>\n\t\t\t\t<\/div>\n\t\t\t\t\t<\/div>\n\t\t\t\t<\/div>\n\t\t\t\t<\/div>","protected":false},"excerpt":{"rendered":"<p>MIROIR, MON BEAU MIROIR DES MIROIRS \u00c9L\u00c9GANTS COORDONN\u00c9S \u00c0 NOS MEUBLES DE SALLE DE BAIN Le miroir, un \u00e9l\u00e9ment indispensable de la salle de bain. En savoir plus + Afin d\u2019harmoniser l\u2019ambiance de votre salle de bain, Line Art a d\u00e9velopp\u00e9 des collections de miroirs de tailles et formes diff\u00e9rentes afin de satisfaire au mieux [&hellip;]<\/p>\n","protected":false},"author":5,"featured_media":0,"parent":0,"menu_order":0,"comment_status":"closed","ping_status":"closed","template":"","meta":{"_acf_changed":false,"_seopress_robots_primary_cat":"","_seopress_titles_title":"","_seopress_titles_desc":"","_seopress_robots_index":"","footnotes":""},"class_list":["post-601","page","type-page","status-publish","hentry"],"acf":[],"_links":{"self":[{"href":"https:\/\/lineart.fr\/en\/wp-json\/wp\/v2\/pages\/601","targetHints":{"allow":["GET"]}}],"collection":[{"href":"https:\/\/lineart.fr\/en\/wp-json\/wp\/v2\/pages"}],"about":[{"href":"https:\/\/lineart.fr\/en\/wp-json\/wp\/v2\/types\/page"}],"author":[{"embeddable":true,"href":"https:\/\/lineart.fr\/en\/wp-json\/wp\/v2\/users\/5"}],"replies":[{"embeddable":true,"href":"https:\/\/lineart.fr\/en\/wp-json\/wp\/v2\/comments?post=601"}],"version-history":[{"count":22,"href":"https:\/\/lineart.fr\/en\/wp-json\/wp\/v2\/pages\/601\/revisions"}],"predecessor-version":[{"id":4181,"href":"https:\/\/lineart.fr\/en\/wp-json\/wp\/v2\/pages\/601\/revisions\/4181"}],"wp:attachment":[{"href":"https:\/\/lineart.fr\/en\/wp-json\/wp\/v2\/media?parent=601"}],"curies":[{"name":"wp","href":"https:\/\/api.w.org\/{rel}","templated":true}]}}