{"id":4524,"date":"2025-04-15T09:59:45","date_gmt":"2025-04-15T07:59:45","guid":{"rendered":"https:\/\/lineart.fr\/?page_id=4524"},"modified":"2025-12-01T08:40:06","modified_gmt":"2025-12-01T07:40:06","slug":"catalogue","status":"publish","type":"page","link":"https:\/\/lineart.fr\/en\/catalogue\/","title":{"rendered":"Catalogue"},"content":{"rendered":"<div data-elementor-type=\"wp-page\" data-elementor-id=\"4524\" class=\"elementor elementor-4524\" data-elementor-post-type=\"page\">\n\t\t\t\t<div class=\"elementor-element elementor-element-bfd60e9 e-flex e-con-boxed e-con e-parent\" data-id=\"bfd60e9\" data-element_type=\"container\" data-e-type=\"container\" data-settings=\"{&quot;background_background&quot;:&quot;classic&quot;}\">\n\t\t\t\t\t<div class=\"e-con-inner\">\n\t\t\t\t<div class=\"elementor-element elementor-element-bb820ea elementor-widget__width-inherit elementor-widget elementor-widget-heading\" data-id=\"bb820ea\" data-element_type=\"widget\" data-e-type=\"widget\" data-widget_type=\"heading.default\">\n\t\t\t\t<div class=\"elementor-widget-container\">\n\t\t\t\t\t<h1 class=\"elementor-heading-title elementor-size-default\">Catalogue<\/h1>\t\t\t\t<\/div>\n\t\t\t\t<\/div>\n\t\t\t\t<div class=\"elementor-element elementor-element-f7072a1 elementor-widget elementor-widget-text-editor\" data-id=\"f7072a1\" data-element_type=\"widget\" data-e-type=\"widget\" data-widget_type=\"text-editor.default\">\n\t\t\t\t<div class=\"elementor-widget-container\">\n\t\t\t\t\t\t\t\t\t<p>Des meubles \u00e9l\u00e9gants et durables, con\u00e7us pour faire du quotidien un art de vivre<\/p>\t\t\t\t\t\t\t\t<\/div>\n\t\t\t\t<\/div>\n\t\t\t\t\t<\/div>\n\t\t\t\t<\/div>\n\t\t<div class=\"elementor-element elementor-element-fca5cb7 e-flex e-con-boxed e-con e-parent\" data-id=\"fca5cb7\" data-element_type=\"container\" data-e-type=\"container\">\n\t\t\t\t\t<div class=\"e-con-inner\">\n\t\t<div class=\"elementor-element elementor-element-b0512fe e-con-full e-flex elementor-invisible e-con e-child\" data-id=\"b0512fe\" data-element_type=\"container\" data-e-type=\"container\" data-settings=\"{&quot;animation&quot;:&quot;fadeInLeft&quot;}\">\n\t\t\t\t<div class=\"elementor-element elementor-element-8dd17c7 elementor-widget elementor-widget-image\" data-id=\"8dd17c7\" data-element_type=\"widget\" data-e-type=\"widget\" data-widget_type=\"image.default\">\n\t\t\t\t<div class=\"elementor-widget-container\">\n\t\t\t\t\t\t\t\t\t\t\t\t\t\t\t<img fetchpriority=\"high\" decoding=\"async\" width=\"1128\" height=\"1128\" src=\"https:\/\/lineart.fr\/wp-content\/uploads\/2025\/04\/Mock-Up-catalogue-line-art-2.png\" class=\"attachment-full size-full wp-image-4510\" alt=\"Mockup catalogue Line art meubles en bois massif\" srcset=\"https:\/\/lineart.fr\/wp-content\/uploads\/2025\/04\/Mock-Up-catalogue-line-art-2.png 1128w, https:\/\/lineart.fr\/wp-content\/uploads\/2025\/04\/elementor\/thumbs\/Mock-Up-catalogue-line-art-2-r40e72sy99kzkg4v0wt6ml1xl9m82usme7yheayx88.png 300w, https:\/\/lineart.fr\/wp-content\/uploads\/2025\/04\/Mock-Up-catalogue-line-art-2-1024x1024.png 1024w, https:\/\/lineart.fr\/wp-content\/uploads\/2025\/04\/Mock-Up-catalogue-line-art-2-150x150.png 150w, https:\/\/lineart.fr\/wp-content\/uploads\/2025\/04\/Mock-Up-catalogue-line-art-2-768x768.png 768w, https:\/\/lineart.fr\/wp-content\/uploads\/2025\/04\/Mock-Up-catalogue-line-art-2-12x12.png 12w, https:\/\/lineart.fr\/wp-content\/uploads\/2025\/04\/elementor\/thumbs\/Mock-Up-catalogue-line-art-2-r40e72t1wtyaegm29neoytl0pa9424fs1lpzuielbk.png 600w, https:\/\/lineart.fr\/wp-content\/uploads\/2025\/04\/elementor\/thumbs\/Mock-Up-catalogue-line-art-2-r40e72szh4df6galftocqnwamltuqm0ca0jnjpg59c.png 400w, https:\/\/lineart.fr\/wp-content\/uploads\/2025\/04\/elementor\/thumbs\/Mock-Up-catalogue-line-art-2-r40e72t0oz5usggbuqjiuqqnny1hed825t4tp3xdag.png 500w, https:\/\/lineart.fr\/wp-content\/uploads\/2025\/04\/elementor\/thumbs\/Mock-Up-catalogue-line-art-2-r40e72t1awk2lgj726z3ws5u6m5aq8tx3pfert5zb0.png 550w\" sizes=\"(max-width: 1128px) 100vw, 1128px\" \/>\t\t\t\t\t\t\t\t\t\t\t\t\t\t\t<\/div>\n\t\t\t\t<\/div>\n\t\t\t\t<\/div>\n\t\t<div class=\"elementor-element elementor-element-1c5f55c e-con-full e-flex elementor-invisible e-con e-child\" data-id=\"1c5f55c\" data-element_type=\"container\" data-e-type=\"container\" data-settings=\"{&quot;animation&quot;:&quot;fadeInUp&quot;}\">\n\t\t\t\t<div class=\"elementor-element elementor-element-14e03c4 elementor-widget elementor-widget-heading\" data-id=\"14e03c4\" data-element_type=\"widget\" data-e-type=\"widget\" data-widget_type=\"heading.default\">\n\t\t\t\t<div class=\"elementor-widget-container\">\n\t\t\t\t\t<h2 class=\"elementor-heading-title elementor-size-default\">Plongez dans l\u2019art du bois massif<\/h2>\t\t\t\t<\/div>\n\t\t\t\t<\/div>\n\t\t\t\t<div class=\"elementor-element elementor-element-8c8bfae elementor-widget elementor-widget-text-editor\" data-id=\"8c8bfae\" data-element_type=\"widget\" data-e-type=\"widget\" data-widget_type=\"text-editor.default\">\n\t\t\t\t<div class=\"elementor-widget-container\">\n\t\t\t\t\t\t\t\t\t<p>Laissez-vous inspirer par l&rsquo;\u00e9l\u00e9gance et la qualit\u00e9 de nos cr\u00e9ations en bois massif. Notre catalogue vous pr\u00e9sente l&rsquo;ensemble de nos collections, soigneusement s\u00e9lectionn\u00e9es pour apporter une touche de sophistication \u00e0 votre salle de bain.<\/p><p><strong>Cliquez ci-dessous pour acc\u00e9der \u00e0 notre catalogue complet et explorez les possibilit\u00e9s infinies d&rsquo;am\u00e9nagement pour sublimer votre salle de bain.<\/strong><\/p>\t\t\t\t\t\t\t\t<\/div>\n\t\t\t\t<\/div>\n\t\t\t\t<div class=\"elementor-element elementor-element-ab76d38 elementor-widget elementor-widget-button\" data-id=\"ab76d38\" data-element_type=\"widget\" data-e-type=\"widget\" data-widget_type=\"button.default\">\n\t\t\t\t<div class=\"elementor-widget-container\">\n\t\t\t\t\t\t\t\t\t<div class=\"elementor-button-wrapper\">\n\t\t\t\t\t<a class=\"elementor-button elementor-button-link elementor-size-sm\" href=\"https:\/\/acrobat.adobe.com\/id\/urn:aaid:sc:EU:f891f08e-bf40-4b38-9b20-4efab6835380\" target=\"_blank\">\n\t\t\t\t\t\t<span class=\"elementor-button-content-wrapper\">\n\t\t\t\t\t\t<span class=\"elementor-button-icon\">\n\t\t\t\t<i aria-hidden=\"true\" class=\"fas fa-book-open\"><\/i>\t\t\t<\/span>\n\t\t\t\t\t\t\t\t\t<span class=\"elementor-button-text\">NOTRE CATALOGUE<\/span>\n\t\t\t\t\t<\/span>\n\t\t\t\t\t<\/a>\n\t\t\t\t<\/div>\n\t\t\t\t\t\t\t\t<\/div>\n\t\t\t\t<\/div>\n\t\t\t\t<\/div>\n\t\t\t\t\t<\/div>\n\t\t\t\t<\/div>\n\t\t<div class=\"elementor-element elementor-element-012cf12 e-flex e-con-boxed e-con e-parent\" data-id=\"012cf12\" data-element_type=\"container\" data-e-type=\"container\" data-settings=\"{&quot;background_background&quot;:&quot;classic&quot;}\">\n\t\t\t\t\t<div class=\"e-con-inner\">\n\t\t<div class=\"elementor-element elementor-element-291efe7 e-con-full e-flex e-con e-child\" data-id=\"291efe7\" data-element_type=\"container\" data-e-type=\"container\">\n\t\t\t\t<div class=\"elementor-element elementor-element-479d0ed elementor-widget__width-initial elementor-widget elementor-widget-image\" data-id=\"479d0ed\" data-element_type=\"widget\" data-e-type=\"widget\" data-widget_type=\"image.default\">\n\t\t\t\t<div class=\"elementor-widget-container\">\n\t\t\t\t\t\t\t\t\t\t\t\t\t\t\t<img decoding=\"async\" src=\"https:\/\/lineart.fr\/wp-content\/uploads\/2023\/12\/Composant-2-\u2013-1-1.svg\" class=\"attachment-full size-full wp-image-211\" alt=\"Certification FSC organisation internationale contribuant \u00e0 la pr\u00e9servation des for\u00eats. Line Art certifi\u00e9 FSC\" \/>\t\t\t\t\t\t\t\t\t\t\t\t\t\t\t<\/div>\n\t\t\t\t<\/div>\n\t\t\t\t<\/div>\n\t\t<div class=\"elementor-element elementor-element-b6ca8cd e-con-full e-flex e-con e-child\" data-id=\"b6ca8cd\" data-element_type=\"container\" data-e-type=\"container\">\n\t\t\t\t<div class=\"elementor-element elementor-element-39b1de7 elementor-widget elementor-widget-heading\" data-id=\"39b1de7\" data-element_type=\"widget\" data-e-type=\"widget\" data-widget_type=\"heading.default\">\n\t\t\t\t<div class=\"elementor-widget-container\">\n\t\t\t\t\t<h2 class=\"elementor-heading-title elementor-size-default\">L'\u00e9coresponsabilit\u00e9 au c\u0153ur de nos cr\u00e9ations<\/h2>\t\t\t\t<\/div>\n\t\t\t\t<\/div>\n\t\t\t\t<div class=\"elementor-element elementor-element-cca9e75 elementor-widget elementor-widget-text-editor\" data-id=\"cca9e75\" data-element_type=\"widget\" data-e-type=\"widget\" data-widget_type=\"text-editor.default\">\n\t\t\t\t<div class=\"elementor-widget-container\">\n\t\t\t\t\t\t\t\t\t<p><strong>Line Art est certifi\u00e9 FSC<\/strong>, organisation internationale contribuant \u00e0 la pr\u00e9servation des for\u00eats. En optant pour nos meubles, vous participez \u00e0 la protection des ressources foresti\u00e8res dela plan\u00e8te<\/p>\t\t\t\t\t\t\t\t<\/div>\n\t\t\t\t<\/div>\n\t\t\t\t<div class=\"elementor-element elementor-element-e2e35b9 elementor-widget elementor-widget-button\" data-id=\"e2e35b9\" data-element_type=\"widget\" data-e-type=\"widget\" data-widget_type=\"button.default\">\n\t\t\t\t<div class=\"elementor-widget-container\">\n\t\t\t\t\t\t\t\t\t<div class=\"elementor-button-wrapper\">\n\t\t\t\t\t<a class=\"elementor-button elementor-button-link elementor-size-sm\" href=\"https:\/\/lineart.fr\/en\/environnement\/\">\n\t\t\t\t\t\t<span class=\"elementor-button-content-wrapper\">\n\t\t\t\t\t\t\t\t\t<span class=\"elementor-button-text\">EN SAVOIR PLUS<\/span>\n\t\t\t\t\t<\/span>\n\t\t\t\t\t<\/a>\n\t\t\t\t<\/div>\n\t\t\t\t\t\t\t\t<\/div>\n\t\t\t\t<\/div>\n\t\t\t\t<\/div>\n\t\t\t\t\t<\/div>\n\t\t\t\t<\/div>\n\t\t\t\t<\/div>","protected":false},"excerpt":{"rendered":"<p>Catalogue Des meubles \u00e9l\u00e9gants et durables, con\u00e7us pour faire du quotidien un art de vivre Plongez dans l\u2019art du bois massif Laissez-vous inspirer par l&rsquo;\u00e9l\u00e9gance et la qualit\u00e9 de nos cr\u00e9ations en bois massif. Notre catalogue vous pr\u00e9sente l&rsquo;ensemble de nos collections, soigneusement s\u00e9lectionn\u00e9es pour apporter une touche de sophistication \u00e0 votre salle de bain. [&hellip;]<\/p>\n","protected":false},"author":7,"featured_media":4510,"parent":0,"menu_order":0,"comment_status":"closed","ping_status":"closed","template":"","meta":{"_acf_changed":false,"_seopress_robots_primary_cat":"","_seopress_titles_title":"%%post_title%% %%sep%% %%sitetitle%%","_seopress_titles_desc":"D\u00e9couvrez le catalogue Line Art : meubles de salle de bain en bois massif, durables et design, pour sublimer vos espaces avec \u00e9l\u00e9gance","_seopress_robots_index":"","footnotes":""},"class_list":["post-4524","page","type-page","status-publish","has-post-thumbnail","hentry"],"acf":[],"_links":{"self":[{"href":"https:\/\/lineart.fr\/en\/wp-json\/wp\/v2\/pages\/4524","targetHints":{"allow":["GET"]}}],"collection":[{"href":"https:\/\/lineart.fr\/en\/wp-json\/wp\/v2\/pages"}],"about":[{"href":"https:\/\/lineart.fr\/en\/wp-json\/wp\/v2\/types\/page"}],"author":[{"embeddable":true,"href":"https:\/\/lineart.fr\/en\/wp-json\/wp\/v2\/users\/7"}],"replies":[{"embeddable":true,"href":"https:\/\/lineart.fr\/en\/wp-json\/wp\/v2\/comments?post=4524"}],"version-history":[{"count":22,"href":"https:\/\/lineart.fr\/en\/wp-json\/wp\/v2\/pages\/4524\/revisions"}],"predecessor-version":[{"id":4599,"href":"https:\/\/lineart.fr\/en\/wp-json\/wp\/v2\/pages\/4524\/revisions\/4599"}],"wp:featuredmedia":[{"embeddable":true,"href":"https:\/\/lineart.fr\/en\/wp-json\/wp\/v2\/media\/4510"}],"wp:attachment":[{"href":"https:\/\/lineart.fr\/en\/wp-json\/wp\/v2\/media?parent=4524"}],"curies":[{"name":"wp","href":"https:\/\/api.w.org\/{rel}","templated":true}]}}