{"id":334,"date":"2024-01-04T23:40:27","date_gmt":"2024-01-04T22:40:27","guid":{"rendered":"https:\/\/lineart.fr\/?page_id=334"},"modified":"2024-01-23T10:23:30","modified_gmt":"2024-01-23T09:23:30","slug":"environnement","status":"publish","type":"page","link":"https:\/\/lineart.fr\/en\/environnement\/","title":{"rendered":"Environment"},"content":{"rendered":"<div data-elementor-type=\"wp-page\" data-elementor-id=\"334\" class=\"elementor elementor-334\" data-elementor-post-type=\"page\">\n\t\t\t\t<div class=\"elementor-element elementor-element-69ceb30 e-con-full e-flex e-con e-parent\" data-id=\"69ceb30\" data-element_type=\"container\" data-e-type=\"container\">\n\t\t<div class=\"elementor-element elementor-element-34cb953 e-con-full e-flex e-con e-child\" data-id=\"34cb953\" data-element_type=\"container\" data-e-type=\"container\" data-settings=\"{&quot;background_background&quot;:&quot;classic&quot;,&quot;position&quot;:&quot;absolute&quot;}\">\n\t\t\t\t<div class=\"elementor-element elementor-element-58ac100 elementor-widget elementor-widget-heading\" data-id=\"58ac100\" data-element_type=\"widget\" data-e-type=\"widget\" data-widget_type=\"heading.default\">\n\t\t\t\t<div class=\"elementor-widget-container\">\n\t\t\t\t\t<h1 class=\"elementor-heading-title elementor-size-default\">ENVIRONMENTAL APPROACH<\/h1>\t\t\t\t<\/div>\n\t\t\t\t<\/div>\n\t\t\t\t<\/div>\n\t\t\t\t<div class=\"elementor-element elementor-element-0c9e70c elementor-pagination-position-inside elementor-widget elementor-widget-image-carousel\" data-id=\"0c9e70c\" data-element_type=\"widget\" data-e-type=\"widget\" data-settings=\"{&quot;slides_to_show&quot;:&quot;1&quot;,&quot;navigation&quot;:&quot;dots&quot;,&quot;autoplay&quot;:&quot;yes&quot;,&quot;pause_on_hover&quot;:&quot;yes&quot;,&quot;pause_on_interaction&quot;:&quot;yes&quot;,&quot;autoplay_speed&quot;:5000,&quot;infinite&quot;:&quot;yes&quot;,&quot;effect&quot;:&quot;slide&quot;,&quot;speed&quot;:500}\" data-widget_type=\"image-carousel.default\">\n\t\t\t\t<div class=\"elementor-widget-container\">\n\t\t\t\t\t\t\t<div class=\"elementor-image-carousel-wrapper swiper\" role=\"region\" aria-roledescription=\"carousel\" aria-label=\"Image Carousel\" dir=\"ltr\">\n\t\t\t<div class=\"elementor-image-carousel swiper-wrapper\" aria-live=\"off\">\n\t\t\t\t\t\t\t\t<div class=\"swiper-slide\" role=\"group\" aria-roledescription=\"slide\" aria-label=\"1 of 3\"><figure class=\"swiper-slide-inner\"><img decoding=\"async\" class=\"swiper-slide-image\" src=\"https:\/\/lineart.fr\/wp-content\/uploads\/2024\/01\/FREE-DETAIL-BD.webp\" alt=\"FREE DETAIL BD\" \/><\/figure><\/div><div class=\"swiper-slide\" role=\"group\" aria-roledescription=\"slide\" aria-label=\"2 of 3\"><figure class=\"swiper-slide-inner\"><img decoding=\"async\" class=\"swiper-slide-image\" src=\"https:\/\/lineart.fr\/wp-content\/uploads\/2024\/01\/MG_9855.webp\" alt=\"_MG_9855\" \/><\/figure><\/div><div class=\"swiper-slide\" role=\"group\" aria-roledescription=\"slide\" aria-label=\"3 of 3\"><figure class=\"swiper-slide-inner\"><img decoding=\"async\" class=\"swiper-slide-image\" src=\"https:\/\/lineart.fr\/wp-content\/uploads\/2024\/01\/AMBIANCE-LINEART-BD-45.webp\" alt=\"AMBIANCE LINEART BD-45\" \/><\/figure><\/div>\t\t\t<\/div>\n\t\t\t\t\t\t\t\n\t\t\t\t\t\t\t\t\t<div class=\"swiper-pagination\"><\/div>\n\t\t\t\t\t\t\t\t\t<\/div>\n\t\t\t\t\t\t<\/div>\n\t\t\t\t<\/div>\n\t\t\t\t<\/div>\n\t\t<div class=\"elementor-element elementor-element-4d039ad e-flex e-con-boxed e-con e-parent\" data-id=\"4d039ad\" data-element_type=\"container\" data-e-type=\"container\">\n\t\t\t\t\t<div class=\"e-con-inner\">\n\t\t<div class=\"elementor-element elementor-element-2139ec8 e-flex e-con-boxed e-con e-child\" data-id=\"2139ec8\" data-element_type=\"container\" data-e-type=\"container\">\n\t\t\t\t\t<div class=\"e-con-inner\">\n\t\t<div class=\"elementor-element elementor-element-b2d395b e-con-full e-flex e-con e-child\" data-id=\"b2d395b\" data-element_type=\"container\" data-e-type=\"container\">\n\t\t\t\t<div class=\"elementor-element elementor-element-7baaf1d elementor-widget elementor-widget-image\" data-id=\"7baaf1d\" data-element_type=\"widget\" data-e-type=\"widget\" data-widget_type=\"image.default\">\n\t\t\t\t<div class=\"elementor-widget-container\">\n\t\t\t\t\t\t\t\t\t\t\t\t\t\t\t<img fetchpriority=\"high\" decoding=\"async\" width=\"765\" height=\"1024\" src=\"https:\/\/lineart.fr\/wp-content\/uploads\/2024\/01\/AMBIANCE-LINEART-BD-45-765x1024.webp\" class=\"attachment-large size-large wp-image-404\" alt=\"\" srcset=\"https:\/\/lineart.fr\/wp-content\/uploads\/2024\/01\/AMBIANCE-LINEART-BD-45-765x1024.webp 765w, https:\/\/lineart.fr\/wp-content\/uploads\/2024\/01\/AMBIANCE-LINEART-BD-45-224x300.webp 224w, https:\/\/lineart.fr\/wp-content\/uploads\/2024\/01\/AMBIANCE-LINEART-BD-45-768x1028.webp 768w, https:\/\/lineart.fr\/wp-content\/uploads\/2024\/01\/AMBIANCE-LINEART-BD-45-1147x1536.webp 1147w, https:\/\/lineart.fr\/wp-content\/uploads\/2024\/01\/AMBIANCE-LINEART-BD-45-1530x2048.webp 1530w, https:\/\/lineart.fr\/wp-content\/uploads\/2024\/01\/AMBIANCE-LINEART-BD-45.webp 1900w\" sizes=\"(max-width: 765px) 100vw, 765px\" \/>\t\t\t\t\t\t\t\t\t\t\t\t\t\t\t<\/div>\n\t\t\t\t<\/div>\n\t\t\t\t<\/div>\n\t\t<div class=\"elementor-element elementor-element-35a079f e-con-full e-flex e-con e-child\" data-id=\"35a079f\" data-element_type=\"container\" data-e-type=\"container\" data-settings=\"{&quot;background_background&quot;:&quot;classic&quot;}\">\n\t\t<div class=\"elementor-element elementor-element-6434505 e-flex e-con-boxed e-con e-child\" data-id=\"6434505\" data-element_type=\"container\" data-e-type=\"container\">\n\t\t\t\t\t<div class=\"e-con-inner\">\n\t\t\t\t<div class=\"elementor-element elementor-element-121bd28 elementor-widget elementor-widget-heading\" data-id=\"121bd28\" data-element_type=\"widget\" data-e-type=\"widget\" data-widget_type=\"heading.default\">\n\t\t\t\t<div class=\"elementor-widget-container\">\n\t\t\t\t\t<h2 class=\"elementor-heading-title elementor-size-default\">ETHICS AND RESPONSIBLE ECONOMIC APPROACH\n<\/h2>\t\t\t\t<\/div>\n\t\t\t\t<\/div>\n\t\t\t\t\t<\/div>\n\t\t\t\t<\/div>\n\t\t\t\t<div class=\"elementor-element elementor-element-ff1ddf1 elementor-widget elementor-widget-text-editor\" data-id=\"ff1ddf1\" data-element_type=\"widget\" data-e-type=\"widget\" data-widget_type=\"text-editor.default\">\n\t\t\t\t<div class=\"elementor-widget-container\">\n\t\t\t\t\t\t\t\t\t<p class=\"p1\"><span class=\"s1\">Teak and oak come from sustainably managed forests in Asia and Eastern Europe. Two manufacturing units proudly ensure the careful production of the furniture.<\/span><\/p><p class=\"p1\"><span class=\"s1\">Wood is a precious resource of our planet. Because we all depend on its renewal, we are particularly attentive to the origin of the materials used for the production of our bathroom furniture.<\/span><\/p>\t\t\t\t\t\t\t\t<\/div>\n\t\t\t\t<\/div>\n\t\t\t\t<\/div>\n\t\t\t\t\t<\/div>\n\t\t\t\t<\/div>\n\t\t\t\t\t<\/div>\n\t\t\t\t<\/div>\n\t\t<div class=\"elementor-element elementor-element-1ca9f78 e-flex e-con-boxed e-con e-parent\" data-id=\"1ca9f78\" data-element_type=\"container\" data-e-type=\"container\" data-settings=\"{&quot;background_background&quot;:&quot;classic&quot;}\">\n\t\t\t\t\t<div class=\"e-con-inner\">\n\t\t<div class=\"elementor-element elementor-element-69e1e35 e-flex e-con-boxed e-con e-child\" data-id=\"69e1e35\" data-element_type=\"container\" data-e-type=\"container\">\n\t\t\t\t\t<div class=\"e-con-inner\">\n\t\t<div class=\"elementor-element elementor-element-52ad2a4 e-con-full e-flex e-con e-child\" data-id=\"52ad2a4\" data-element_type=\"container\" data-e-type=\"container\">\n\t\t\t\t<div class=\"elementor-element elementor-element-90d016a elementor-widget elementor-widget-image\" data-id=\"90d016a\" data-element_type=\"widget\" data-e-type=\"widget\" data-widget_type=\"image.default\">\n\t\t\t\t<div class=\"elementor-widget-container\">\n\t\t\t\t\t\t\t\t\t\t\t\t\t\t\t<img decoding=\"async\" width=\"1000\" height=\"1525\" src=\"https:\/\/lineart.fr\/wp-content\/uploads\/2024\/01\/5.10.000-005-5.10.011WM-052WM-A-De\u0301tail.webp\" class=\"attachment-full size-full wp-image-369\" alt=\"\" srcset=\"https:\/\/lineart.fr\/wp-content\/uploads\/2024\/01\/5.10.000-005-5.10.011WM-052WM-A-De\u0301tail.webp 1000w, https:\/\/lineart.fr\/wp-content\/uploads\/2024\/01\/5.10.000-005-5.10.011WM-052WM-A-De\u0301tail-197x300.webp 197w, https:\/\/lineart.fr\/wp-content\/uploads\/2024\/01\/5.10.000-005-5.10.011WM-052WM-A-De\u0301tail-671x1024.webp 671w, https:\/\/lineart.fr\/wp-content\/uploads\/2024\/01\/5.10.000-005-5.10.011WM-052WM-A-De\u0301tail-768x1171.webp 768w\" sizes=\"(max-width: 1000px) 100vw, 1000px\" \/>\t\t\t\t\t\t\t\t\t\t\t\t\t\t\t<\/div>\n\t\t\t\t<\/div>\n\t\t\t\t<\/div>\n\t\t<div class=\"elementor-element elementor-element-6e3ec7b e-con-full e-flex e-con e-child\" data-id=\"6e3ec7b\" data-element_type=\"container\" data-e-type=\"container\" data-settings=\"{&quot;background_background&quot;:&quot;classic&quot;}\">\n\t\t<div class=\"elementor-element elementor-element-5aecdb4 e-flex e-con-boxed e-con e-child\" data-id=\"5aecdb4\" data-element_type=\"container\" data-e-type=\"container\">\n\t\t\t\t\t<div class=\"e-con-inner\">\n\t\t\t\t<div class=\"elementor-element elementor-element-5d4d08d elementor-widget elementor-widget-heading\" data-id=\"5d4d08d\" data-element_type=\"widget\" data-e-type=\"widget\" data-widget_type=\"heading.default\">\n\t\t\t\t<div class=\"elementor-widget-container\">\n\t\t\t\t\t<h2 class=\"elementor-heading-title elementor-size-default\">CONTROLLED RESOURCES<\/h2>\t\t\t\t<\/div>\n\t\t\t\t<\/div>\n\t\t\t\t\t<\/div>\n\t\t\t\t<\/div>\n\t\t\t\t<div class=\"elementor-element elementor-element-81769d0 elementor-widget elementor-widget-text-editor\" data-id=\"81769d0\" data-element_type=\"widget\" data-e-type=\"widget\" data-widget_type=\"text-editor.default\">\n\t\t\t\t<div class=\"elementor-widget-container\">\n\t\t\t\t\t\t\t\t\t<p class=\"p1\"><span class=\"s1\">The teak comes from Indonesian plantations managed by the organization \u201cPerhum Perhutani\u201d, which takes into account the economic needs of local communities. We also use Teak recovered from old buildings slated for destruction. We thus participate in the circular economy of the wood chain.<\/span><span class=\"s1\">\u00a0<\/span><\/p><p class=\"p1\"><span class=\"s1\">Line Art as well as these Teak collections are FSC certified, the international reference organization thus attesting to responsible management of resources.<\/span><\/p>\t\t\t\t\t\t\t\t<\/div>\n\t\t\t\t<\/div>\n\t\t\t\t<\/div>\n\t\t\t\t\t<\/div>\n\t\t\t\t<\/div>\n\t\t\t\t\t<\/div>\n\t\t\t\t<\/div>\n\t\t<div class=\"elementor-element elementor-element-694ae88 e-flex e-con-boxed e-con e-parent\" data-id=\"694ae88\" data-element_type=\"container\" data-e-type=\"container\">\n\t\t\t\t\t<div class=\"e-con-inner\">\n\t\t<div class=\"elementor-element elementor-element-76386fe e-flex e-con-boxed e-con e-child\" data-id=\"76386fe\" data-element_type=\"container\" data-e-type=\"container\">\n\t\t\t\t\t<div class=\"e-con-inner\">\n\t\t<div class=\"elementor-element elementor-element-7aa4d4c e-con-full e-flex e-con e-child\" data-id=\"7aa4d4c\" data-element_type=\"container\" data-e-type=\"container\">\n\t\t\t\t<div class=\"elementor-element elementor-element-d00c33b elementor-widget elementor-widget-image\" data-id=\"d00c33b\" data-element_type=\"widget\" data-e-type=\"widget\" data-widget_type=\"image.default\">\n\t\t\t\t<div class=\"elementor-widget-container\">\n\t\t\t\t\t\t\t\t\t\t\t\t\t\t\t<img decoding=\"async\" width=\"800\" height=\"753\" src=\"https:\/\/lineart.fr\/wp-content\/uploads\/2024\/01\/FREE-ZOOM-PLAN-ET-VASQUE--1024x964.webp\" class=\"attachment-large size-large wp-image-457\" alt=\"\" srcset=\"https:\/\/lineart.fr\/wp-content\/uploads\/2024\/01\/FREE-ZOOM-PLAN-ET-VASQUE--1024x964.webp 1024w, https:\/\/lineart.fr\/wp-content\/uploads\/2024\/01\/FREE-ZOOM-PLAN-ET-VASQUE--300x282.webp 300w, https:\/\/lineart.fr\/wp-content\/uploads\/2024\/01\/FREE-ZOOM-PLAN-ET-VASQUE--768x723.webp 768w, https:\/\/lineart.fr\/wp-content\/uploads\/2024\/01\/FREE-ZOOM-PLAN-ET-VASQUE--1536x1445.webp 1536w, https:\/\/lineart.fr\/wp-content\/uploads\/2024\/01\/FREE-ZOOM-PLAN-ET-VASQUE-.webp 1900w\" sizes=\"(max-width: 800px) 100vw, 800px\" \/>\t\t\t\t\t\t\t\t\t\t\t\t\t\t\t<\/div>\n\t\t\t\t<\/div>\n\t\t\t\t<\/div>\n\t\t<div class=\"elementor-element elementor-element-a5c8221 e-con-full e-flex e-con e-child\" data-id=\"a5c8221\" data-element_type=\"container\" data-e-type=\"container\" data-settings=\"{&quot;background_background&quot;:&quot;classic&quot;}\">\n\t\t<div class=\"elementor-element elementor-element-151a2ac e-flex e-con-boxed e-con e-child\" data-id=\"151a2ac\" data-element_type=\"container\" data-e-type=\"container\">\n\t\t\t\t\t<div class=\"e-con-inner\">\n\t\t\t\t<div class=\"elementor-element elementor-element-f7a8e88 elementor-widget elementor-widget-heading\" data-id=\"f7a8e88\" data-element_type=\"widget\" data-e-type=\"widget\" data-widget_type=\"heading.default\">\n\t\t\t\t<div class=\"elementor-widget-container\">\n\t\t\t\t\t<h2 class=\"elementor-heading-title elementor-size-default\">OPTIMIZED RESOURCES<\/h2>\t\t\t\t<\/div>\n\t\t\t\t<\/div>\n\t\t\t\t\t<\/div>\n\t\t\t\t<\/div>\n\t\t\t\t<div class=\"elementor-element elementor-element-48959d5 elementor-widget elementor-widget-text-editor\" data-id=\"48959d5\" data-element_type=\"widget\" data-e-type=\"widget\" data-widget_type=\"text-editor.default\">\n\t\t\t\t<div class=\"elementor-widget-container\">\n\t\t\t\t\t\t\t\t\t<p class=\"p1\"><span class=\"s1\">Production waste, such as sawdust, is collected to fuel the ovens intended to dry the wood. Small sections of wood are used, for example, to make glued laminates.<\/span><\/p>\t\t\t\t\t\t\t\t<\/div>\n\t\t\t\t<\/div>\n\t\t\t\t<\/div>\n\t\t\t\t\t<\/div>\n\t\t\t\t<\/div>\n\t\t\t\t\t<\/div>\n\t\t\t\t<\/div>\n\t\t<div class=\"elementor-element elementor-element-de9bc86 e-con-full e-flex e-con e-parent\" data-id=\"de9bc86\" data-element_type=\"container\" data-e-type=\"container\">\n\t\t<div class=\"elementor-element elementor-element-a7ecd24 e-con-full e-flex e-con e-child\" data-id=\"a7ecd24\" data-element_type=\"container\" data-e-type=\"container\" data-settings=\"{&quot;background_background&quot;:&quot;classic&quot;}\">\n\t\t\t\t<div class=\"elementor-element elementor-element-e34e3d3 elementor-widget elementor-widget-heading\" data-id=\"e34e3d3\" data-element_type=\"widget\" data-e-type=\"widget\" data-widget_type=\"heading.default\">\n\t\t\t\t<div class=\"elementor-widget-container\">\n\t\t\t\t\t<h2 class=\"elementor-heading-title elementor-size-default\">Where to find<\/h2>\t\t\t\t<\/div>\n\t\t\t\t<\/div>\n\t\t\t\t<div class=\"elementor-element elementor-element-fa28317 elementor-widget elementor-widget-heading\" data-id=\"fa28317\" data-element_type=\"widget\" data-e-type=\"widget\" data-widget_type=\"heading.default\">\n\t\t\t\t<div class=\"elementor-widget-container\">\n\t\t\t\t\t<h2 class=\"elementor-heading-title elementor-size-default\">Our products<\/h2>\t\t\t\t<\/div>\n\t\t\t\t<\/div>\n\t\t\t\t<div class=\"elementor-element elementor-element-013ed03 btn_1 elementor-align-center elementor-absolute elementor-widget elementor-widget-button\" data-id=\"013ed03\" data-element_type=\"widget\" data-e-type=\"widget\" data-settings=\"{&quot;_position&quot;:&quot;absolute&quot;}\" data-widget_type=\"button.default\">\n\t\t\t\t<div class=\"elementor-widget-container\">\n\t\t\t\t\t\t\t\t\t<div class=\"elementor-button-wrapper\">\n\t\t\t\t\t<a class=\"elementor-button elementor-button-link elementor-size-sm\" href=\"https:\/\/lineart.fr\/en\/produits\/\">\n\t\t\t\t\t\t<span class=\"elementor-button-content-wrapper\">\n\t\t\t\t\t\t\t\t\t<span class=\"elementor-button-text\">Read more<\/span>\n\t\t\t\t\t<\/span>\n\t\t\t\t\t<\/a>\n\t\t\t\t<\/div>\n\t\t\t\t\t\t\t\t<\/div>\n\t\t\t\t<\/div>\n\t\t\t\t<\/div>\n\t\t<div class=\"elementor-element elementor-element-005c1bf e-con-full e-flex e-con e-child\" data-id=\"005c1bf\" data-element_type=\"container\" data-e-type=\"container\" data-settings=\"{&quot;background_background&quot;:&quot;classic&quot;}\">\n\t\t\t\t<div class=\"elementor-element elementor-element-0d54821 elementor-widget elementor-widget-heading\" data-id=\"0d54821\" data-element_type=\"widget\" data-e-type=\"widget\" data-widget_type=\"heading.default\">\n\t\t\t\t<div class=\"elementor-widget-container\">\n\t\t\t\t\t<h2 class=\"elementor-heading-title elementor-size-default\">Our maintenance<\/h2>\t\t\t\t<\/div>\n\t\t\t\t<\/div>\n\t\t\t\t<div class=\"elementor-element elementor-element-8b9bdb0 elementor-widget elementor-widget-heading\" data-id=\"8b9bdb0\" data-element_type=\"widget\" data-e-type=\"widget\" data-widget_type=\"heading.default\">\n\t\t\t\t<div class=\"elementor-widget-container\">\n\t\t\t\t\t<h2 class=\"elementor-heading-title elementor-size-default\">Tips<\/h2>\t\t\t\t<\/div>\n\t\t\t\t<\/div>\n\t\t\t\t<div class=\"elementor-element elementor-element-9fcab83 btn_1 elementor-align-center elementor-absolute elementor-widget elementor-widget-button\" data-id=\"9fcab83\" data-element_type=\"widget\" data-e-type=\"widget\" data-settings=\"{&quot;_position&quot;:&quot;absolute&quot;}\" data-widget_type=\"button.default\">\n\t\t\t\t<div class=\"elementor-widget-container\">\n\t\t\t\t\t\t\t\t\t<div class=\"elementor-button-wrapper\">\n\t\t\t\t\t<a class=\"elementor-button elementor-button-link elementor-size-sm\" href=\"https:\/\/lineart.fr\/en\/conseils\/\">\n\t\t\t\t\t\t<span class=\"elementor-button-content-wrapper\">\n\t\t\t\t\t\t\t\t\t<span class=\"elementor-button-text\">Read more<\/span>\n\t\t\t\t\t<\/span>\n\t\t\t\t\t<\/a>\n\t\t\t\t<\/div>\n\t\t\t\t\t\t\t\t<\/div>\n\t\t\t\t<\/div>\n\t\t\t\t<\/div>\n\t\t\t\t<\/div>\n\t\t\t\t<\/div>","protected":false},"excerpt":{"rendered":"<p>D\u00c9MARCHE ENVIRONNEMENTALE \u00c9THIQUE ET APPROCHE ECONOMIQUE RESPONSABLE Teck et ch\u00eane proviennent de for\u00eats durablement g\u00e9r\u00e9es en Asie et en Europe de l\u2019Est. Deux unit\u00e9s de fabrication assurent avec fiert\u00e9 la r\u00e9alisation soign\u00e9e du mobilier. Le bois est une pr\u00e9cieuse ressource de notre plan\u00e8te. Parce que nous d\u00e9pendons tous de son renouvellement, nous sommes particuli\u00e8rement attentifs [&hellip;]<\/p>\n","protected":false},"author":5,"featured_media":0,"parent":0,"menu_order":0,"comment_status":"closed","ping_status":"closed","template":"","meta":{"_acf_changed":false,"_seopress_robots_primary_cat":"","_seopress_titles_title":"","_seopress_titles_desc":"","_seopress_robots_index":"","footnotes":""},"class_list":["post-334","page","type-page","status-publish","hentry"],"acf":[],"_links":{"self":[{"href":"https:\/\/lineart.fr\/en\/wp-json\/wp\/v2\/pages\/334","targetHints":{"allow":["GET"]}}],"collection":[{"href":"https:\/\/lineart.fr\/en\/wp-json\/wp\/v2\/pages"}],"about":[{"href":"https:\/\/lineart.fr\/en\/wp-json\/wp\/v2\/types\/page"}],"author":[{"embeddable":true,"href":"https:\/\/lineart.fr\/en\/wp-json\/wp\/v2\/users\/5"}],"replies":[{"embeddable":true,"href":"https:\/\/lineart.fr\/en\/wp-json\/wp\/v2\/comments?post=334"}],"version-history":[{"count":32,"href":"https:\/\/lineart.fr\/en\/wp-json\/wp\/v2\/pages\/334\/revisions"}],"predecessor-version":[{"id":4511,"href":"https:\/\/lineart.fr\/en\/wp-json\/wp\/v2\/pages\/334\/revisions\/4511"}],"wp:attachment":[{"href":"https:\/\/lineart.fr\/en\/wp-json\/wp\/v2\/media?parent=334"}],"curies":[{"name":"wp","href":"https:\/\/api.w.org\/{rel}","templated":true}]}}