{"id":333,"date":"2024-01-04T23:40:27","date_gmt":"2024-01-04T22:40:27","guid":{"rendered":"https:\/\/lineart.fr\/?page_id=333"},"modified":"2024-02-27T19:28:48","modified_gmt":"2024-02-27T18:28:48","slug":"histoire-savoir-faire","status":"publish","type":"page","link":"https:\/\/lineart.fr\/en\/histoire-savoir-faire\/","title":{"rendered":"Histoire &#038; savoir-faire"},"content":{"rendered":"<div data-elementor-type=\"wp-page\" data-elementor-id=\"333\" class=\"elementor elementor-333\" data-elementor-post-type=\"page\">\n\t\t\t\t<div class=\"elementor-element elementor-element-00eff6b e-con-full e-flex e-con e-parent\" data-id=\"00eff6b\" data-element_type=\"container\" data-e-type=\"container\">\n\t\t<div class=\"elementor-element elementor-element-43551a7 e-con-full e-flex e-con e-child\" data-id=\"43551a7\" data-element_type=\"container\" data-e-type=\"container\" data-settings=\"{&quot;background_background&quot;:&quot;classic&quot;,&quot;position&quot;:&quot;absolute&quot;}\">\n\t\t\t\t<div class=\"elementor-element elementor-element-7743166 elementor-widget elementor-widget-heading\" data-id=\"7743166\" data-element_type=\"widget\" data-e-type=\"widget\" data-widget_type=\"heading.default\">\n\t\t\t\t<div class=\"elementor-widget-container\">\n\t\t\t\t\t<h1 class=\"elementor-heading-title elementor-size-default\">Line art, HISTORY AND KNOW-HOW<\/h1>\t\t\t\t<\/div>\n\t\t\t\t<\/div>\n\t\t\t\t<\/div>\n\t\t\t\t<div class=\"elementor-element elementor-element-96c9b5a elementor-pagination-position-inside elementor-widget elementor-widget-image-carousel\" data-id=\"96c9b5a\" data-element_type=\"widget\" data-e-type=\"widget\" data-settings=\"{&quot;slides_to_show&quot;:&quot;1&quot;,&quot;navigation&quot;:&quot;dots&quot;,&quot;autoplay&quot;:&quot;yes&quot;,&quot;pause_on_hover&quot;:&quot;yes&quot;,&quot;pause_on_interaction&quot;:&quot;yes&quot;,&quot;autoplay_speed&quot;:5000,&quot;infinite&quot;:&quot;yes&quot;,&quot;effect&quot;:&quot;slide&quot;,&quot;speed&quot;:500}\" data-widget_type=\"image-carousel.default\">\n\t\t\t\t<div class=\"elementor-widget-container\">\n\t\t\t\t\t\t\t<div class=\"elementor-image-carousel-wrapper swiper\" role=\"region\" aria-roledescription=\"carousel\" aria-label=\"Image Carousel\" dir=\"ltr\">\n\t\t\t<div class=\"elementor-image-carousel swiper-wrapper\" aria-live=\"off\">\n\t\t\t\t\t\t\t\t<div class=\"swiper-slide\" role=\"group\" aria-roledescription=\"slide\" aria-label=\"1 of 3\"><figure class=\"swiper-slide-inner\"><img decoding=\"async\" class=\"swiper-slide-image\" src=\"https:\/\/lineart.fr\/wp-content\/uploads\/2024\/01\/5.14.000-005-A2.webp\" alt=\"5.14.000-005-A2\" \/><\/figure><\/div><div class=\"swiper-slide\" role=\"group\" aria-roledescription=\"slide\" aria-label=\"2 of 3\"><figure class=\"swiper-slide-inner\"><img decoding=\"async\" class=\"swiper-slide-image\" src=\"https:\/\/lineart.fr\/wp-content\/uploads\/2024\/01\/EASY-AMBIANCE-2-T-1-ETAGERE-CHENE-BD.webp\" alt=\"EASY AMBIANCE 2 T + 1 ETAGERE CHENE BD\" \/><\/figure><\/div><div class=\"swiper-slide\" role=\"group\" aria-roledescription=\"slide\" aria-label=\"3 of 3\"><figure class=\"swiper-slide-inner\"><img decoding=\"async\" class=\"swiper-slide-image\" src=\"https:\/\/lineart.fr\/wp-content\/uploads\/2024\/01\/essentiel-zoom-tiroir-interieur-oct-2023.webp\" alt=\"essentiel zoom tiroir interieur oct 2023\" \/><\/figure><\/div>\t\t\t<\/div>\n\t\t\t\t\t\t\t\n\t\t\t\t\t\t\t\t\t<div class=\"swiper-pagination\"><\/div>\n\t\t\t\t\t\t\t\t\t<\/div>\n\t\t\t\t\t\t<\/div>\n\t\t\t\t<\/div>\n\t\t\t\t<\/div>\n\t\t<div class=\"elementor-element elementor-element-2feb5a4 e-con-full e-flex e-con e-parent\" data-id=\"2feb5a4\" data-element_type=\"container\" data-e-type=\"container\">\n\t\t<div class=\"elementor-element elementor-element-39d249e e-con-full e-flex elementor-invisible e-con e-child\" data-id=\"39d249e\" data-element_type=\"container\" data-e-type=\"container\" data-settings=\"{&quot;background_background&quot;:&quot;classic&quot;,&quot;animation&quot;:&quot;fadeInRight&quot;}\">\n\t\t\t\t<div class=\"elementor-element elementor-element-221a146 elementor-widget elementor-widget-heading\" data-id=\"221a146\" data-element_type=\"widget\" data-e-type=\"widget\" data-widget_type=\"heading.default\">\n\t\t\t\t<div class=\"elementor-widget-container\">\n\t\t\t\t\t<h2 class=\"elementor-heading-title elementor-size-default\">HISTORY<\/h2>\t\t\t\t<\/div>\n\t\t\t\t<\/div>\n\t\t\t\t<div class=\"elementor-element elementor-element-58b95e8 elementor-widget elementor-widget-text-editor\" data-id=\"58b95e8\" data-element_type=\"widget\" data-e-type=\"widget\" data-widget_type=\"text-editor.default\">\n\t\t\t\t<div class=\"elementor-widget-container\">\n\t\t\t\t\t\t\t\t\t<p class=\"p1 translation-block\">Line Art was born from the association of 2 young entrepreneurs from Hauts de France: <strong>Tanguy and Ludovic<\/strong> in 2001.<\/p><p class=\"p1 translation-block\">Since its creation, Line Art has continued to develop new concepts of <strong>solid wood bathroom furniture <\/strong>in order to meet the requirements of its customers.<\/p><p class=\"p1\"><span class=\"s1\">Line Art makes no compromise on the quality of the selected woods, hardware or plans and embodies the passion for respectfully done work.<\/span><\/p><p class=\"p1\"><span class=\"s1\">The ethical standards and attention to detail make Line Art bathroom furniture exceptional products. <\/span><\/p>\t\t\t\t\t\t\t\t<\/div>\n\t\t\t\t<\/div>\n\t\t\t\t<\/div>\n\t\t<div class=\"elementor-element elementor-element-7a20b40 e-con-full e-flex e-con e-child\" data-id=\"7a20b40\" data-element_type=\"container\" data-e-type=\"container\">\n\t\t\t\t<div class=\"elementor-element elementor-element-9df0d57 elementor-widget elementor-widget-image\" data-id=\"9df0d57\" data-element_type=\"widget\" data-e-type=\"widget\" data-widget_type=\"image.default\">\n\t\t\t\t<div class=\"elementor-widget-container\">\n\t\t\t\t\t\t\t\t\t\t\t\t\t\t\t<img fetchpriority=\"high\" decoding=\"async\" width=\"800\" height=\"600\" src=\"https:\/\/lineart.fr\/wp-content\/uploads\/2024\/02\/pic6-1024x768.webp\" class=\"attachment-large size-large wp-image-4192\" alt=\"\" srcset=\"https:\/\/lineart.fr\/wp-content\/uploads\/2024\/02\/pic6-1024x768.webp 1024w, https:\/\/lineart.fr\/wp-content\/uploads\/2024\/02\/pic6-300x225.webp 300w, https:\/\/lineart.fr\/wp-content\/uploads\/2024\/02\/pic6-768x576.webp 768w, https:\/\/lineart.fr\/wp-content\/uploads\/2024\/02\/pic6-1536x1152.webp 1536w, https:\/\/lineart.fr\/wp-content\/uploads\/2024\/02\/pic6.webp 1900w\" sizes=\"(max-width: 800px) 100vw, 800px\" \/>\t\t\t\t\t\t\t\t\t\t\t\t\t\t\t<\/div>\n\t\t\t\t<\/div>\n\t\t\t\t<\/div>\n\t\t\t\t<\/div>\n\t\t<div class=\"elementor-element elementor-element-451b7b6 e-con-full e-flex e-con e-parent\" data-id=\"451b7b6\" data-element_type=\"container\" data-e-type=\"container\" data-settings=\"{&quot;background_background&quot;:&quot;classic&quot;}\">\n\t\t<div class=\"elementor-element elementor-element-aad3346 e-con-full e-flex elementor-invisible e-con e-child\" data-id=\"aad3346\" data-element_type=\"container\" data-e-type=\"container\" data-settings=\"{&quot;animation&quot;:&quot;fadeInLeft&quot;}\">\n\t\t\t\t<div class=\"elementor-element elementor-element-2c4fcc5 elementor-widget elementor-widget-heading\" data-id=\"2c4fcc5\" data-element_type=\"widget\" data-e-type=\"widget\" data-widget_type=\"heading.default\">\n\t\t\t\t<div class=\"elementor-widget-container\">\n\t\t\t\t\t<h2 class=\"elementor-heading-title elementor-size-default\">BRAND<\/h2>\t\t\t\t<\/div>\n\t\t\t\t<\/div>\n\t\t\t\t<div class=\"elementor-element elementor-element-7239c93 elementor-widget elementor-widget-text-editor\" data-id=\"7239c93\" data-element_type=\"widget\" data-e-type=\"widget\" data-widget_type=\"text-editor.default\">\n\t\t\t\t<div class=\"elementor-widget-container\">\n\t\t\t\t\t\t\t\t\t<p class=\"p1 translation-block\">By creating the Line Art brand, Tanguy and Ludovic affirm their new vision of <strong>solid wood bathroom furniture.<\/strong><\/p><p class=\"p1 translation-block\">Based on this founding requirement, all know-how is carefully examined at each stage of the development of bathroom furniture. The Line Art solid wood collections are intended to be <strong>timeless and refined.<\/strong><\/p><p class=\"p1 translation-block\">Creativity does not result from rigid standards but rather <strong>adaptable and modular.<\/strong> Each solid wood bathroom cabinet and these storage modules are offered in several sizes to <strong>best meet the requirements <\/strong>of each bathroom.<\/p>\t\t\t\t\t\t\t\t<\/div>\n\t\t\t\t<\/div>\n\t\t\t\t<\/div>\n\t\t<div class=\"elementor-element elementor-element-b0eee8d e-con-full e-flex e-con e-child\" data-id=\"b0eee8d\" data-element_type=\"container\" data-e-type=\"container\">\n\t\t\t\t<div class=\"elementor-element elementor-element-993ebeb elementor-widget elementor-widget-image\" data-id=\"993ebeb\" data-element_type=\"widget\" data-e-type=\"widget\" data-widget_type=\"image.default\">\n\t\t\t\t<div class=\"elementor-widget-container\">\n\t\t\t\t\t\t\t\t\t\t\t\t\t\t\t<img decoding=\"async\" width=\"800\" height=\"800\" src=\"https:\/\/lineart.fr\/wp-content\/uploads\/2024\/02\/014A3991-1024x1024.webp\" class=\"attachment-large size-large wp-image-4194\" alt=\"\" srcset=\"https:\/\/lineart.fr\/wp-content\/uploads\/2024\/02\/014A3991-1024x1024.webp 1024w, https:\/\/lineart.fr\/wp-content\/uploads\/2024\/02\/014A3991-300x300.webp 300w, https:\/\/lineart.fr\/wp-content\/uploads\/2024\/02\/014A3991-150x150.webp 150w, https:\/\/lineart.fr\/wp-content\/uploads\/2024\/02\/014A3991-768x768.webp 768w, https:\/\/lineart.fr\/wp-content\/uploads\/2024\/02\/014A3991-1536x1536.webp 1536w, https:\/\/lineart.fr\/wp-content\/uploads\/2024\/02\/014A3991.webp 1900w\" sizes=\"(max-width: 800px) 100vw, 800px\" \/>\t\t\t\t\t\t\t\t\t\t\t\t\t\t\t<\/div>\n\t\t\t\t<\/div>\n\t\t\t\t<\/div>\n\t\t\t\t<\/div>\n\t\t<div class=\"elementor-element elementor-element-792f914 e-con-full e-flex e-con e-parent\" data-id=\"792f914\" data-element_type=\"container\" data-e-type=\"container\">\n\t\t<div class=\"elementor-element elementor-element-275fcb9 e-con-full e-flex elementor-invisible e-con e-child\" data-id=\"275fcb9\" data-element_type=\"container\" data-e-type=\"container\" data-settings=\"{&quot;background_background&quot;:&quot;classic&quot;,&quot;animation&quot;:&quot;fadeInRight&quot;}\">\n\t\t\t\t<div class=\"elementor-element elementor-element-b081b16 elementor-widget elementor-widget-heading\" data-id=\"b081b16\" data-element_type=\"widget\" data-e-type=\"widget\" data-widget_type=\"heading.default\">\n\t\t\t\t<div class=\"elementor-widget-container\">\n\t\t\t\t\t<h2 class=\"elementor-heading-title elementor-size-default\">EXPERTISE<\/h2>\t\t\t\t<\/div>\n\t\t\t\t<\/div>\n\t\t\t\t<div class=\"elementor-element elementor-element-e562374 elementor-widget elementor-widget-text-editor\" data-id=\"e562374\" data-element_type=\"widget\" data-e-type=\"widget\" data-widget_type=\"text-editor.default\">\n\t\t\t\t<div class=\"elementor-widget-container\">\n\t\t\t\t\t\t\t\t\t<p class=\"p1 translation-block\"><strong>The creative requirement <\/strong>works with unparalleled know-how and very high quality materials, but also with thoughtful design.\nThe 2 noble species offered in the <strong>Line Art <\/strong>collections are <strong>Oak<\/strong> and <strong>Teak<\/strong> from <strong>sustainably managed forests<\/strong> in Eastern Europe and Asia. Two manufacturing units ensure with pride, love and passion the careful creation of all our bathroom furniture.<\/p>\t\t\t\t\t\t\t\t<\/div>\n\t\t\t\t<\/div>\n\t\t<div class=\"elementor-element elementor-element-9416739 e-grid e-con-boxed e-con e-child\" data-id=\"9416739\" data-element_type=\"container\" data-e-type=\"container\">\n\t\t\t\t\t<div class=\"e-con-inner\">\n\t\t\t\t<div class=\"elementor-element elementor-element-def2fbd elementor-view-default elementor-position-block-start elementor-mobile-position-block-start elementor-widget elementor-widget-icon-box\" data-id=\"def2fbd\" data-element_type=\"widget\" data-e-type=\"widget\" data-widget_type=\"icon-box.default\">\n\t\t\t\t<div class=\"elementor-widget-container\">\n\t\t\t\t\t\t\t<div class=\"elementor-icon-box-wrapper\">\n\n\t\t\t\t\t\t<div class=\"elementor-icon-box-icon\">\n\t\t\t\t<span  class=\"elementor-icon\">\n\t\t\t\t<svg xmlns=\"http:\/\/www.w3.org\/2000\/svg\" xmlns:xlink=\"http:\/\/www.w3.org\/1999\/xlink\" width=\"73\" height=\"72\" viewbox=\"0 0 73 72\"><defs><clippath id=\"clip-path\"><rect id=\"Rectangle_51\" data-name=\"Rectangle 51\" width=\"35.182\" height=\"33.589\" fill=\"none\"><\/rect><\/clippath><\/defs><g id=\"Groupe_54\" data-name=\"Groupe 54\" transform=\"translate(-658 -2433.5)\"><ellipse id=\"Ellipse_6\" data-name=\"Ellipse 6\" cx=\"36.5\" cy=\"36\" rx=\"36.5\" ry=\"36\" transform=\"translate(658 2433.5)\" fill=\"#b6a582\"><\/ellipse><g id=\"Groupe_53\" data-name=\"Groupe 53\" transform=\"translate(676.95 2455.164)\"><g id=\"Groupe_52\" data-name=\"Groupe 52\" clip-path=\"url(#clip-path)\"><path id=\"Trac&#xE9;_102\" data-name=\"Trac&#xE9; 102\" d=\"M17.629,33.589,4.389,19.492C2.073,16.984,0,14.433,0,10.744A10.648,10.648,0,0,1,3.147,3.157,10.764,10.764,0,0,1,10.738,0h.043c2.911,0,5.071,1.635,6.81,3.468C19.329,1.635,21.49,0,24.4,0h.043a10.747,10.747,0,0,1,4.8,1.146,1.07,1.07,0,0,1-.96,1.913,8.624,8.624,0,0,0-3.854-.919H24.4c-2.03,0-3.771,1.053-6,3.624l-.809.933-.809-.933c-2.229-2.571-3.97-3.624-6-3.624h-.033a8.65,8.65,0,0,0-8.609,8.6c0,2.67,1.285,4.55,3.815,7.29L17.607,30.44l10.781-11.8c.323-.361.64-.709.942-1.042,2.393-2.632,3.711-4.081,3.711-6.851A8.587,8.587,0,0,0,32.029,6.7a1.07,1.07,0,0,1,1.886-1.012,10.735,10.735,0,0,1,1.267,5.059c0,3.6-1.7,5.464-4.268,8.291-.3.329-.612.673-.938,1.037Z\" fill=\"#fff\"><\/path><path id=\"Trac&#xE9;_103\" data-name=\"Trac&#xE9; 103\" d=\"M79.294,23.806h-.011a1.07,1.07,0,0,1-.773-.341l-6.3-6.777a1.07,1.07,0,1,1,1.567-1.457l5.534,5.952L94.854,5.148a1.07,1.07,0,1,1,1.537,1.49L80.062,23.481a1.071,1.071,0,0,1-.768.325\" transform=\"translate(-62.465 -4.188)\" fill=\"#fff\"><\/path><\/g><\/g><\/g><\/svg>\t\t\t\t<\/span>\n\t\t\t<\/div>\n\t\t\t\n\t\t\t\t\t\t<div class=\"elementor-icon-box-content\">\n\n\t\t\t\t\t\t\t\t\t<h3 class=\"elementor-icon-box-title\">\n\t\t\t\t\t\t<span  >\n\t\t\t\t\t\t\tLove of work\t\t\t\t\t\t<\/span>\n\t\t\t\t\t<\/h3>\n\t\t\t\t\n\t\t\t\t\t\t\t\t\t<p class=\"elementor-icon-box-description\">\n\t\t\t\t\t\twell done\t\t\t\t\t<\/p>\n\t\t\t\t\n\t\t\t<\/div>\n\t\t\t\n\t\t<\/div>\n\t\t\t\t\t\t<\/div>\n\t\t\t\t<\/div>\n\t\t\t\t<div class=\"elementor-element elementor-element-8c91b78 elementor-view-default elementor-position-block-start elementor-mobile-position-block-start elementor-widget elementor-widget-icon-box\" data-id=\"8c91b78\" data-element_type=\"widget\" data-e-type=\"widget\" data-widget_type=\"icon-box.default\">\n\t\t\t\t<div class=\"elementor-widget-container\">\n\t\t\t\t\t\t\t<div class=\"elementor-icon-box-wrapper\">\n\n\t\t\t\t\t\t<div class=\"elementor-icon-box-icon\">\n\t\t\t\t<span  class=\"elementor-icon\">\n\t\t\t\t<svg xmlns=\"http:\/\/www.w3.org\/2000\/svg\" xmlns:xlink=\"http:\/\/www.w3.org\/1999\/xlink\" id=\"Calque_1\" x=\"0px\" y=\"0px\" viewbox=\"0 0 73 73\" style=\"enable-background:new 0 0 73 73;\" xml:space=\"preserve\"><g id=\"Groupe_61\" transform=\"translate(-1037 -2431)\">\t<circle id=\"Ellipse_7\" style=\"fill:#C2A885;\" cx=\"1073.5\" cy=\"2467.5\" r=\"36.5\"><\/circle>\t<g id=\"Groupe_51\" transform=\"translate(1046.959 2454.544)\">\t\t<path id=\"Trac&#xE9;_99\" style=\"fill:#FFFFFF;\" d=\"M22.3,16l-3.9-3.8l5.4-0.8l2.4-4.9l2.4,4.9l5.4,0.8L30.1,16l0.9,5.4l-4.9-2.6   l-4.9,2.6L22.3,16z M22.5,9.7l-8.2,1.2l5.9,5.8l-1.4,8.1l7.3-3.8l7.3,3.8l-1.4-8.1l5.9-5.8l-8.2-1.2l-3.7-7.4L22.5,9.7z\"><\/path>\t\t<g id=\"Groupe_50\">\t\t\t<g>\t\t\t\t<defs>\t\t\t\t\t<rect id=\"SVGID_1_\" x=\"0\" y=\"0\" width=\"53.1\" height=\"24.8\"><\/rect>\t\t\t\t<\/defs>\t\t\t\t<clippath id=\"SVGID_00000020397998022314446010000007579091348873901700_\">\t\t\t\t\t<use xlink:href=\"#SVGID_1_\" style=\"overflow:visible;\"><\/use>\t\t\t\t<\/clippath>\t\t\t\t<g id=\"Groupe_49\" style=\"clip-path:url(#SVGID_00000020397998022314446010000007579091348873901700_);\">\t\t\t\t\t<path id=\"Trac&#xE9;_100\" style=\"fill:#FFFFFF;\" d=\"M53.1,8L45.8,7l-3.3-6.6l-3.3,6.6L31.9,8l1.6,1.6c0.3,0,0.6,0.1,0.8,0.1      c0.7,0,1.3,0,2,0L36,9.3l4.5-0.6l2-4.1l2,4.1L49,9.3l-3.2,3.2l0.8,4.5l-4-2.1l-4,2.1l0.8-4.5L39,12.3c-0.6,0.4-1.2,0.9-1.9,1.3      L36,20.5l6.5-3.4l6.5,3.4l-1.2-7.3L53.1,8z\"><\/path>\t\t\t\t\t<path id=\"Trac&#xE9;_101\" style=\"fill:#FFFFFF;\" d=\"M13.8,12.2L13.8,12.2l0.8,4.5l-4-2.1l-4,2.1l0.8-4.5L4.1,9l4.5-0.6l2-4.1l2,4.1      L17.1,9l0,0c0.9,0,1.7,0.1,2.6,0.1l1.5-1.5l-7.3-1.1L10.6,0L7.3,6.6L0,7.7l5.3,5.2L4,20.1l6.5-3.4l6.5,3.4L16,13.4      C15.2,13,14.5,12.6,13.8,12.2\"><\/path>\t\t\t\t<\/g>\t\t\t<\/g>\t\t<\/g>\t<\/g><\/g><\/svg>\t\t\t\t<\/span>\n\t\t\t<\/div>\n\t\t\t\n\t\t\t\t\t\t<div class=\"elementor-icon-box-content\">\n\n\t\t\t\t\t\t\t\t\t<h3 class=\"elementor-icon-box-title\">\n\t\t\t\t\t\t<span  >\n\t\t\t\t\t\t\tOver 20 years\t\t\t\t\t\t<\/span>\n\t\t\t\t\t<\/h3>\n\t\t\t\t\n\t\t\t\t\t\t\t\t\t<p class=\"elementor-icon-box-description\">\n\t\t\t\t\t\tof expertise\t\t\t\t\t<\/p>\n\t\t\t\t\n\t\t\t<\/div>\n\t\t\t\n\t\t<\/div>\n\t\t\t\t\t\t<\/div>\n\t\t\t\t<\/div>\n\t\t\t\t\t<\/div>\n\t\t\t\t<\/div>\n\t\t\t\t<\/div>\n\t\t<div class=\"elementor-element elementor-element-635ee67 e-con-full e-flex e-con e-child\" data-id=\"635ee67\" data-element_type=\"container\" data-e-type=\"container\">\n\t\t\t\t<div class=\"elementor-element elementor-element-d1daea7 elementor-widget elementor-widget-image\" data-id=\"d1daea7\" data-element_type=\"widget\" data-e-type=\"widget\" data-widget_type=\"image.default\">\n\t\t\t\t<div class=\"elementor-widget-container\">\n\t\t\t\t\t\t\t\t\t\t\t\t\t\t\t<img decoding=\"async\" width=\"800\" height=\"800\" src=\"https:\/\/lineart.fr\/wp-content\/uploads\/2024\/02\/LINE-ART0698-1024x1024.webp\" class=\"attachment-large size-large wp-image-4191\" alt=\"\" srcset=\"https:\/\/lineart.fr\/wp-content\/uploads\/2024\/02\/LINE-ART0698-1024x1024.webp 1024w, https:\/\/lineart.fr\/wp-content\/uploads\/2024\/02\/LINE-ART0698-300x300.webp 300w, https:\/\/lineart.fr\/wp-content\/uploads\/2024\/02\/LINE-ART0698-150x150.webp 150w, https:\/\/lineart.fr\/wp-content\/uploads\/2024\/02\/LINE-ART0698-768x768.webp 768w, https:\/\/lineart.fr\/wp-content\/uploads\/2024\/02\/LINE-ART0698-1536x1536.webp 1536w, https:\/\/lineart.fr\/wp-content\/uploads\/2024\/02\/LINE-ART0698.webp 1900w\" sizes=\"(max-width: 800px) 100vw, 800px\" \/>\t\t\t\t\t\t\t\t\t\t\t\t\t\t\t<\/div>\n\t\t\t\t<\/div>\n\t\t\t\t<\/div>\n\t\t\t\t<\/div>\n\t\t<div class=\"elementor-element elementor-element-5bda667 e-con-full e-flex e-con e-parent\" data-id=\"5bda667\" data-element_type=\"container\" data-e-type=\"container\" data-settings=\"{&quot;background_background&quot;:&quot;classic&quot;}\">\n\t\t<div class=\"elementor-element elementor-element-dbae7a6 e-con-full e-flex elementor-invisible e-con e-child\" data-id=\"dbae7a6\" data-element_type=\"container\" data-e-type=\"container\" data-settings=\"{&quot;animation&quot;:&quot;fadeInLeft&quot;}\">\n\t\t\t\t<div class=\"elementor-element elementor-element-bcc2407 elementor-widget elementor-widget-text-editor\" data-id=\"bcc2407\" data-element_type=\"widget\" data-e-type=\"widget\" data-widget_type=\"text-editor.default\">\n\t\t\t\t<div class=\"elementor-widget-container\">\n\t\t\t\t\t\t\t\t\t<p class=\"p1 translation-block\">The <strong>high-end hardware <\/strong>and the <strong>stone, resin, ceramic or wood <\/strong>tops are exceptional pieces that harmoniously complement the vanity units previously created with the greatest care.<\/p><p class=\"p1 translation-block\">All these finishes and checks are carried out in our workshops located in Hauts de France by <strong>qualified<\/strong> and <strong>passionate staff.<\/strong><\/p><p class=\"p1 translation-block\">Design requires reflection and modernity, which is why Line Art collaborates closely with the PIKS Design agency. The creation of the Cabine or the Belt collection are some concrete examples of these collaborations.<\/p>\t\t\t\t\t\t\t\t<\/div>\n\t\t\t\t<\/div>\n\t\t\t\t<\/div>\n\t\t<div class=\"elementor-element elementor-element-e1c94b0 e-con-full e-flex e-con e-child\" data-id=\"e1c94b0\" data-element_type=\"container\" data-e-type=\"container\">\n\t\t\t\t<div class=\"elementor-element elementor-element-423ae03 elementor-widget elementor-widget-image\" data-id=\"423ae03\" data-element_type=\"widget\" data-e-type=\"widget\" data-widget_type=\"image.default\">\n\t\t\t\t<div class=\"elementor-widget-container\">\n\t\t\t\t\t\t\t\t\t\t\t\t\t\t\t<img loading=\"lazy\" decoding=\"async\" width=\"800\" height=\"800\" src=\"https:\/\/lineart.fr\/wp-content\/uploads\/2024\/02\/LINE-ART0615-1024x1024.webp\" class=\"attachment-large size-large wp-image-4190\" alt=\"\" srcset=\"https:\/\/lineart.fr\/wp-content\/uploads\/2024\/02\/LINE-ART0615-1024x1024.webp 1024w, https:\/\/lineart.fr\/wp-content\/uploads\/2024\/02\/LINE-ART0615-300x300.webp 300w, https:\/\/lineart.fr\/wp-content\/uploads\/2024\/02\/LINE-ART0615-150x150.webp 150w, https:\/\/lineart.fr\/wp-content\/uploads\/2024\/02\/LINE-ART0615-768x768.webp 768w, https:\/\/lineart.fr\/wp-content\/uploads\/2024\/02\/LINE-ART0615-1536x1536.webp 1536w, https:\/\/lineart.fr\/wp-content\/uploads\/2024\/02\/LINE-ART0615.webp 1900w\" sizes=\"(max-width: 800px) 100vw, 800px\" \/>\t\t\t\t\t\t\t\t\t\t\t\t\t\t\t<\/div>\n\t\t\t\t<\/div>\n\t\t\t\t<\/div>\n\t\t\t\t<\/div>\n\t\t<div class=\"elementor-element elementor-element-c9c8c35 e-con-full e-flex e-con e-parent\" data-id=\"c9c8c35\" data-element_type=\"container\" data-e-type=\"container\" data-settings=\"{&quot;background_background&quot;:&quot;classic&quot;}\">\n\t\t<div class=\"elementor-element elementor-element-76a6485 e-con-full e-flex e-con e-child\" data-id=\"76a6485\" data-element_type=\"container\" data-e-type=\"container\" data-settings=\"{&quot;background_background&quot;:&quot;classic&quot;}\">\n\t\t\t\t<div class=\"elementor-element elementor-element-6e5431a elementor-widget elementor-widget-heading\" data-id=\"6e5431a\" data-element_type=\"widget\" data-e-type=\"widget\" data-widget_type=\"heading.default\">\n\t\t\t\t<div class=\"elementor-widget-container\">\n\t\t\t\t\t<h2 class=\"elementor-heading-title elementor-size-default\">Where to find<\/h2>\t\t\t\t<\/div>\n\t\t\t\t<\/div>\n\t\t\t\t<div class=\"elementor-element elementor-element-8b031b2 elementor-widget elementor-widget-heading\" data-id=\"8b031b2\" data-element_type=\"widget\" data-e-type=\"widget\" data-widget_type=\"heading.default\">\n\t\t\t\t<div class=\"elementor-widget-container\">\n\t\t\t\t\t<h2 class=\"elementor-heading-title elementor-size-default\">Our products<\/h2>\t\t\t\t<\/div>\n\t\t\t\t<\/div>\n\t\t\t\t<div class=\"elementor-element elementor-element-172ab3e btn_1 elementor-align-center elementor-absolute elementor-widget elementor-widget-button\" data-id=\"172ab3e\" data-element_type=\"widget\" data-e-type=\"widget\" data-settings=\"{&quot;_position&quot;:&quot;absolute&quot;}\" data-widget_type=\"button.default\">\n\t\t\t\t<div class=\"elementor-widget-container\">\n\t\t\t\t\t\t\t\t\t<div class=\"elementor-button-wrapper\">\n\t\t\t\t\t<a class=\"elementor-button elementor-button-link elementor-size-sm\" href=\"https:\/\/lineart.fr\/en\/produits\/\">\n\t\t\t\t\t\t<span class=\"elementor-button-content-wrapper\">\n\t\t\t\t\t\t\t\t\t<span class=\"elementor-button-text\">Read more<\/span>\n\t\t\t\t\t<\/span>\n\t\t\t\t\t<\/a>\n\t\t\t\t<\/div>\n\t\t\t\t\t\t\t\t<\/div>\n\t\t\t\t<\/div>\n\t\t\t\t<\/div>\n\t\t<div class=\"elementor-element elementor-element-2563017 e-con-full e-flex e-con e-child\" data-id=\"2563017\" data-element_type=\"container\" data-e-type=\"container\" data-settings=\"{&quot;background_background&quot;:&quot;classic&quot;}\">\n\t\t\t\t<div class=\"elementor-element elementor-element-a0ab692 elementor-widget elementor-widget-heading\" data-id=\"a0ab692\" data-element_type=\"widget\" data-e-type=\"widget\" data-widget_type=\"heading.default\">\n\t\t\t\t<div class=\"elementor-widget-container\">\n\t\t\t\t\t<h2 class=\"elementor-heading-title elementor-size-default\">Our maintenance<\/h2>\t\t\t\t<\/div>\n\t\t\t\t<\/div>\n\t\t\t\t<div class=\"elementor-element elementor-element-a891c45 elementor-widget elementor-widget-heading\" data-id=\"a891c45\" data-element_type=\"widget\" data-e-type=\"widget\" data-widget_type=\"heading.default\">\n\t\t\t\t<div class=\"elementor-widget-container\">\n\t\t\t\t\t<h2 class=\"elementor-heading-title elementor-size-default\">Tips<\/h2>\t\t\t\t<\/div>\n\t\t\t\t<\/div>\n\t\t\t\t<div class=\"elementor-element elementor-element-c6be2f9 btn_1 elementor-align-center elementor-absolute elementor-widget elementor-widget-button\" data-id=\"c6be2f9\" data-element_type=\"widget\" data-e-type=\"widget\" data-settings=\"{&quot;_position&quot;:&quot;absolute&quot;}\" data-widget_type=\"button.default\">\n\t\t\t\t<div class=\"elementor-widget-container\">\n\t\t\t\t\t\t\t\t\t<div class=\"elementor-button-wrapper\">\n\t\t\t\t\t<a class=\"elementor-button elementor-button-link elementor-size-sm\" href=\"https:\/\/lineart.fr\/en\/conseils\/\">\n\t\t\t\t\t\t<span class=\"elementor-button-content-wrapper\">\n\t\t\t\t\t\t\t\t\t<span class=\"elementor-button-text\">Read more<\/span>\n\t\t\t\t\t<\/span>\n\t\t\t\t\t<\/a>\n\t\t\t\t<\/div>\n\t\t\t\t\t\t\t\t<\/div>\n\t\t\t\t<\/div>\n\t\t\t\t<\/div>\n\t\t\t\t<\/div>\n\t\t\t\t<\/div>","protected":false},"excerpt":{"rendered":"<p>Line art, histoire et savoir-faire HISTOIRE\u200b Line Art est n\u00e9e de l\u2019association de 2 jeunes entrepreneurs des Hauts de France : Tanguy et Ludovic en 2001. Depuis sa cr\u00e9ation, Line Art ne cesse de d\u00e9velopper de nouveaux concepts de meubles de salle de bain en bois massif afin de r\u00e9pondre aux exigences de ses clients. [&hellip;]<\/p>\n","protected":false},"author":5,"featured_media":0,"parent":0,"menu_order":0,"comment_status":"closed","ping_status":"closed","template":"","meta":{"_acf_changed":false,"_seopress_robots_primary_cat":"","_seopress_titles_title":"","_seopress_titles_desc":"","_seopress_robots_index":"","footnotes":""},"class_list":["post-333","page","type-page","status-publish","hentry"],"acf":[],"_links":{"self":[{"href":"https:\/\/lineart.fr\/en\/wp-json\/wp\/v2\/pages\/333","targetHints":{"allow":["GET"]}}],"collection":[{"href":"https:\/\/lineart.fr\/en\/wp-json\/wp\/v2\/pages"}],"about":[{"href":"https:\/\/lineart.fr\/en\/wp-json\/wp\/v2\/types\/page"}],"author":[{"embeddable":true,"href":"https:\/\/lineart.fr\/en\/wp-json\/wp\/v2\/users\/5"}],"replies":[{"embeddable":true,"href":"https:\/\/lineart.fr\/en\/wp-json\/wp\/v2\/comments?post=333"}],"version-history":[{"count":103,"href":"https:\/\/lineart.fr\/en\/wp-json\/wp\/v2\/pages\/333\/revisions"}],"predecessor-version":[{"id":4268,"href":"https:\/\/lineart.fr\/en\/wp-json\/wp\/v2\/pages\/333\/revisions\/4268"}],"wp:attachment":[{"href":"https:\/\/lineart.fr\/en\/wp-json\/wp\/v2\/media?parent=333"}],"curies":[{"name":"wp","href":"https:\/\/api.w.org\/{rel}","templated":true}]}}